{"id":257,"date":"2024-10-12T21:33:53","date_gmt":"2024-10-12T19:33:53","guid":{"rendered":"http:\/\/drevo-liptov.sk\/?page_id=257"},"modified":"2026-05-14T15:38:13","modified_gmt":"2026-05-14T13:38:13","slug":"stolarske-rezivokvh-hranolyomietane-nehoblovane-a-hoblovane-rezivoskarovkypalivove-drevobrikety-pelety","status":"publish","type":"page","link":"https:\/\/drevo-liptov.sk\/?page_id=257","title":{"rendered":"Cenn\u00edky"},"content":{"rendered":"\n<p><strong>Stol\u00e1rske rezivo<\/strong> &#8211; neomietan\u00e9 stol\u00e1rske rezivo su\u0161en\u00e9 na cca 10 percent<\/p>\n\n\n\n<div data-wp-interactive=\"core\/file\" class=\"wp-block-file\"><object data-wp-bind--hidden=\"!state.hasPdfPreview\" hidden class=\"wp-block-file__embed\" data=\"https:\/\/drevo-liptov.sk\/wp-content\/uploads\/2026\/03\/Cennik-reziva-platny-od-24.2.2026-5.pdf\" type=\"application\/pdf\" style=\"width:100%;height:600px\" aria-label=\"Vlo\u017ei\u0165 Cenn\u00edk reziva - platn\u00fd od 24.2.2026.\"><\/object><a id=\"wp-block-file--media-636d4e66-07b2-46b8-bf96-ffeaa8b33629\" href=\"https:\/\/drevo-liptov.sk\/wp-content\/uploads\/2026\/03\/Cennik-reziva-platny-od-24.2.2026-5.pdf\">Cenn\u00edk reziva &#8211; platn\u00fd od 24.2.2026<\/a><a href=\"https:\/\/drevo-liptov.sk\/wp-content\/uploads\/2026\/03\/Cennik-reziva-platny-od-24.2.2026-5.pdf\" class=\"wp-block-file__button wp-element-button\" download aria-describedby=\"wp-block-file--media-636d4e66-07b2-46b8-bf96-ffeaa8b33629\">Stiahnu\u0165<\/a><\/div>\n\n\n\n<p><\/p>\n\n\n\n<p><strong>KVH hranoly<\/strong> &#8211; su\u0161en\u00e9 na 15 +-3 percent\u00e1, hoblovan\u00e9, lepen\u00e9 stavebn\u00e9 rezivo<\/p>\n\n\n\n<div data-wp-interactive=\"core\/file\" class=\"wp-block-file\"><object data-wp-bind--hidden=\"!state.hasPdfPreview\" hidden class=\"wp-block-file__embed\" data=\"https:\/\/drevo-liptov.sk\/wp-content\/uploads\/2026\/03\/Cennik-reziva-KVH-platny-od-24.2.2026.pdf\" type=\"application\/pdf\" style=\"width:100%;height:600px\" aria-label=\"Vlo\u017ei\u0165 Cenn\u00edk  reziva - KVH - platn\u00fd od 24.2.2026.\"><\/object><a id=\"wp-block-file--media-1d75b427-0fd4-4ce0-8d6b-54d5ba762095\" href=\"https:\/\/drevo-liptov.sk\/wp-content\/uploads\/2026\/03\/Cennik-reziva-KVH-platny-od-24.2.2026.pdf\">Cenn\u00edk  reziva &#8211; KVH &#8211; platn\u00fd od 24.2.2026<\/a><a href=\"https:\/\/drevo-liptov.sk\/wp-content\/uploads\/2026\/03\/Cennik-reziva-KVH-platny-od-24.2.2026.pdf\" class=\"wp-block-file__button wp-element-button\" download aria-describedby=\"wp-block-file--media-1d75b427-0fd4-4ce0-8d6b-54d5ba762095\">Stiahnu\u0165<\/a><\/div>\n\n\n\n<p><\/p>\n\n\n\n<p><strong>Omietan\u00e9 a hoblovan\u00e9 rezivo<\/strong> &#8211; su\u0161en\u00e9 omietan\u00e9 nehoblovan\u00e9 a hoblovan\u00e9 rezivo<\/p>\n\n\n\n<div data-wp-interactive=\"core\/file\" class=\"wp-block-file\"><object data-wp-bind--hidden=\"!state.hasPdfPreview\" hidden class=\"wp-block-file__embed\" data=\"https:\/\/drevo-liptov.sk\/wp-content\/uploads\/2026\/05\/Cennik-reziva-susene-omietane-nehoblovane-a-hoblovane-rezivo-platny-od-14.5.2026.pdf\" type=\"application\/pdf\" style=\"width:100%;height:600px\" aria-label=\"Vlo\u017ei\u0165 Cenn\u00edk reziva - su\u0161en\u00e9 omietan\u00e9 nehoblovan\u00e9 a hoblovan\u00e9 rezivo - platn\u00fd od 14.5.2026.\"><\/object><a id=\"wp-block-file--media-f8ab5f80-e4af-4828-9fe5-0cfe0c834467\" href=\"https:\/\/drevo-liptov.sk\/wp-content\/uploads\/2026\/05\/Cennik-reziva-susene-omietane-nehoblovane-a-hoblovane-rezivo-platny-od-14.5.2026.pdf\">Cenn\u00edk reziva &#8211; su\u0161en\u00e9 omietan\u00e9 nehoblovan\u00e9 a hoblovan\u00e9 rezivo &#8211; platn\u00fd od 14.5.2026<\/a><a href=\"https:\/\/drevo-liptov.sk\/wp-content\/uploads\/2026\/05\/Cennik-reziva-susene-omietane-nehoblovane-a-hoblovane-rezivo-platny-od-14.5.2026.pdf\" class=\"wp-block-file__button wp-element-button\" download aria-describedby=\"wp-block-file--media-f8ab5f80-e4af-4828-9fe5-0cfe0c834467\">Stiahnu\u0165<\/a><\/div>\n\n\n\n<p><\/p>\n\n\n\n<p><strong>\u0160k\u00e1rovky<\/strong> &#8211; priebe\u017en\u00e9 a cinkovan\u00e9 \u0161k\u00e1rovky z dubu a jase\u0148a<\/p>\n\n\n\n<div data-wp-interactive=\"core\/file\" class=\"wp-block-file\"><object data-wp-bind--hidden=\"!state.hasPdfPreview\" hidden class=\"wp-block-file__embed\" data=\"https:\/\/drevo-liptov.sk\/wp-content\/uploads\/2026\/03\/Cennik-reziva-skarovky-platny-od-24.2.2026.pdf\" type=\"application\/pdf\" style=\"width:100%;height:600px\" aria-label=\"Vlo\u017ei\u0165 Cenn\u00edk  reziva - \u0161k\u00e1rovky - platn\u00fd od 24.2.2026.\"><\/object><a id=\"wp-block-file--media-b98c032b-7368-41a6-ad7e-0642e0e282eb\" href=\"https:\/\/drevo-liptov.sk\/wp-content\/uploads\/2026\/03\/Cennik-reziva-skarovky-platny-od-24.2.2026.pdf\">Cenn\u00edk  reziva &#8211; \u0161k\u00e1rovky &#8211; platn\u00fd od 24.2.2026<\/a><a href=\"https:\/\/drevo-liptov.sk\/wp-content\/uploads\/2026\/03\/Cennik-reziva-skarovky-platny-od-24.2.2026.pdf\" class=\"wp-block-file__button wp-element-button\" download aria-describedby=\"wp-block-file--media-b98c032b-7368-41a6-ad7e-0642e0e282eb\">Stiahnu\u0165<\/a><\/div>\n\n\n\n<p><\/p>\n\n\n\n<p><strong>Paliv\u00e1<\/strong> &#8211; \u0161tiepan\u00e9 v palete ukladan\u00e9 drevo.<\/p>\n\n\n\n<p>Palivov\u00e9 drevo listnat\u00e9 ukladan\u00e9 v palete 1x1x1,5 metra (1,4 PRMU), d\u013a\u017eka kl\u00e1tikov 25, alebo 33 cm &#8211; cena 155 eur\/paleta s DPH.<\/p>\n","protected":false},"excerpt":{"rendered":"<p>Stol\u00e1rske rezivo &#8211; neomietan\u00e9 stol\u00e1rske rezivo su\u0161en\u00e9 na cca 10 percent KVH hranoly &#8211; su\u0161en\u00e9 na 15 +-3 percent\u00e1, hoblovan\u00e9, lepen\u00e9 stavebn\u00e9 rezivo Omietan\u00e9 a hoblovan\u00e9 rezivo &#8211; su\u0161en\u00e9 omietan\u00e9 nehoblovan\u00e9 a hoblovan\u00e9 rezivo \u0160k\u00e1rovky &#8211; priebe\u017en\u00e9 a cinkovan\u00e9 \u0161k\u00e1rovky z dubu a jase\u0148a Paliv\u00e1 &#8211; \u0161tiepan\u00e9 v palete ukladan\u00e9 drevo. Palivov\u00e9 drevo listnat\u00e9 ukladan\u00e9 &hellip; <\/p>\n<p class=\"link-more\"><a href=\"https:\/\/drevo-liptov.sk\/?page_id=257\" class=\"more-link\">Pokra\u010dova\u0165 v \u010d\u00edtan\u00ed<span class=\"screen-reader-text\"> &#8222;Cenn\u00edky&#8220;<\/span><\/a><\/p>\n","protected":false},"author":1,"featured_media":0,"parent":0,"menu_order":0,"comment_status":"closed","ping_status":"closed","template":"","meta":{"_mi_skip_tracking":false,"_monsterinsights_sitenote_active":false,"_monsterinsights_sitenote_note":"","_monsterinsights_sitenote_category":0,"footnotes":""},"class_list":["post-257","page","type-page","status-publish","hentry"],"yoast_head":"<!-- This site is optimized with the Yoast SEO plugin v27.6 - https:\/\/yoast.com\/product\/yoast-seo-wordpress\/ -->\n<title>Cenn\u00edky - DREVO-LIPTOV, s. r. o. stol\u00e1rske a stavebn\u00e9 rezivo,KVH hranoly,\u0160k\u00e1rovky,Brikety<\/title>\n<meta name=\"description\" content=\"DREVO-LIPTOV, s. r. o. Cenn\u00edky Stol\u00e1rske rezivo,KVH hranoly,Omietan\u00e9 nehoblovan\u00e9 a hoblovan\u00e9 rezivo,\u0160k\u00e1rovky,Palivov\u00e9 drevo,Brikety, Pelety\" \/>\n<meta name=\"robots\" content=\"index, follow, max-snippet:-1, max-image-preview:large, max-video-preview:-1\" \/>\n<link rel=\"canonical\" href=\"https:\/\/drevo-liptov.sk\/?page_id=257\" \/>\n<meta property=\"og:locale\" content=\"sk_SK\" \/>\n<meta property=\"og:type\" content=\"article\" \/>\n<meta property=\"og:title\" content=\"Cenn\u00edky - DREVO-LIPTOV, s. r. o. stol\u00e1rske a stavebn\u00e9 rezivo,KVH hranoly,\u0160k\u00e1rovky,Brikety\" \/>\n<meta property=\"og:description\" content=\"DREVO-LIPTOV, s. r. o. Cenn\u00edky Stol\u00e1rske rezivo,KVH hranoly,Omietan\u00e9 nehoblovan\u00e9 a hoblovan\u00e9 rezivo,\u0160k\u00e1rovky,Palivov\u00e9 drevo,Brikety, Pelety\" \/>\n<meta property=\"og:url\" content=\"https:\/\/drevo-liptov.sk\/?page_id=257\" \/>\n<meta property=\"og:site_name\" content=\"DREVO-LIPTOV, s. r. o.\" \/>\n<meta property=\"article:modified_time\" content=\"2026-05-14T13:38:13+00:00\" \/>\n<meta name=\"twitter:card\" content=\"summary_large_image\" \/>\n<meta name=\"twitter:label1\" content=\"Predpokladan\u00fd \u010das \u010d\u00edtania\" \/>\n\t<meta name=\"twitter:data1\" content=\"1 min\u00fata\" \/>\n<script type=\"application\/ld+json\" class=\"yoast-schema-graph\">{\"@context\":\"https:\\\/\\\/schema.org\",\"@graph\":[{\"@type\":\"WebPage\",\"@id\":\"https:\\\/\\\/drevo-liptov.sk\\\/?page_id=257\",\"url\":\"https:\\\/\\\/drevo-liptov.sk\\\/?page_id=257\",\"name\":\"Cenn\u00edky - DREVO-LIPTOV, s. r. o. stol\u00e1rske a stavebn\u00e9 rezivo,KVH hranoly,\u0160k\u00e1rovky,Brikety\",\"isPartOf\":{\"@id\":\"https:\\\/\\\/drevo-liptov.sk\\\/#website\"},\"datePublished\":\"2024-10-12T19:33:53+00:00\",\"dateModified\":\"2026-05-14T13:38:13+00:00\",\"description\":\"DREVO-LIPTOV, s. r. o. Cenn\u00edky Stol\u00e1rske rezivo,KVH hranoly,Omietan\u00e9 nehoblovan\u00e9 a hoblovan\u00e9 rezivo,\u0160k\u00e1rovky,Palivov\u00e9 drevo,Brikety, Pelety\",\"breadcrumb\":{\"@id\":\"https:\\\/\\\/drevo-liptov.sk\\\/?page_id=257#breadcrumb\"},\"inLanguage\":\"sk-SK\",\"potentialAction\":[{\"@type\":\"ReadAction\",\"target\":[\"https:\\\/\\\/drevo-liptov.sk\\\/?page_id=257\"]}]},{\"@type\":\"BreadcrumbList\",\"@id\":\"https:\\\/\\\/drevo-liptov.sk\\\/?page_id=257#breadcrumb\",\"itemListElement\":[{\"@type\":\"ListItem\",\"position\":1,\"name\":\"Home\",\"item\":\"https:\\\/\\\/drevo-liptov.sk\\\/\"},{\"@type\":\"ListItem\",\"position\":2,\"name\":\"Cenn\u00edky\"}]},{\"@type\":\"WebSite\",\"@id\":\"https:\\\/\\\/drevo-liptov.sk\\\/#website\",\"url\":\"https:\\\/\\\/drevo-liptov.sk\\\/\",\"name\":\"DREVO-LIPTOV\",\"description\":\"Stol\u00e1rske rezivo a lepen\u00e9 hranoly od n\u00e1s pre V\u00e1s za najlep\u0161ie ceny\",\"publisher\":{\"@id\":\"https:\\\/\\\/drevo-liptov.sk\\\/#organization\"},\"potentialAction\":[{\"@type\":\"SearchAction\",\"target\":{\"@type\":\"EntryPoint\",\"urlTemplate\":\"https:\\\/\\\/drevo-liptov.sk\\\/?s={search_term_string}\"},\"query-input\":{\"@type\":\"PropertyValueSpecification\",\"valueRequired\":true,\"valueName\":\"search_term_string\"}}],\"inLanguage\":\"sk-SK\"},{\"@type\":\"Organization\",\"@id\":\"https:\\\/\\\/drevo-liptov.sk\\\/#organization\",\"name\":\"DREVO-LIPTOV, s. r. o.\",\"url\":\"https:\\\/\\\/drevo-liptov.sk\\\/\",\"logo\":{\"@type\":\"ImageObject\",\"inLanguage\":\"sk-SK\",\"@id\":\"https:\\\/\\\/drevo-liptov.sk\\\/#\\\/schema\\\/logo\\\/image\\\/\",\"url\":\"https:\\\/\\\/drevo-liptov.sk\\\/wp-content\\\/uploads\\\/2021\\\/03\\\/cropped-logofinal2-1.jpg\",\"contentUrl\":\"https:\\\/\\\/drevo-liptov.sk\\\/wp-content\\\/uploads\\\/2021\\\/03\\\/cropped-logofinal2-1.jpg\",\"width\":419,\"height\":250,\"caption\":\"DREVO-LIPTOV, s. r. o.\"},\"image\":{\"@id\":\"https:\\\/\\\/drevo-liptov.sk\\\/#\\\/schema\\\/logo\\\/image\\\/\"}}]}<\/script>\n<!-- \/ Yoast SEO plugin. -->","yoast_head_json":{"title":"Cenn\u00edky - DREVO-LIPTOV, s. r. o. stol\u00e1rske a stavebn\u00e9 rezivo,KVH hranoly,\u0160k\u00e1rovky,Brikety","description":"DREVO-LIPTOV, s. r. o. Cenn\u00edky Stol\u00e1rske rezivo,KVH hranoly,Omietan\u00e9 nehoblovan\u00e9 a hoblovan\u00e9 rezivo,\u0160k\u00e1rovky,Palivov\u00e9 drevo,Brikety, Pelety","robots":{"index":"index","follow":"follow","max-snippet":"max-snippet:-1","max-image-preview":"max-image-preview:large","max-video-preview":"max-video-preview:-1"},"canonical":"https:\/\/drevo-liptov.sk\/?page_id=257","og_locale":"sk_SK","og_type":"article","og_title":"Cenn\u00edky - DREVO-LIPTOV, s. r. o. stol\u00e1rske a stavebn\u00e9 rezivo,KVH hranoly,\u0160k\u00e1rovky,Brikety","og_description":"DREVO-LIPTOV, s. r. o. Cenn\u00edky Stol\u00e1rske rezivo,KVH hranoly,Omietan\u00e9 nehoblovan\u00e9 a hoblovan\u00e9 rezivo,\u0160k\u00e1rovky,Palivov\u00e9 drevo,Brikety, Pelety","og_url":"https:\/\/drevo-liptov.sk\/?page_id=257","og_site_name":"DREVO-LIPTOV, s. r. o.","article_modified_time":"2026-05-14T13:38:13+00:00","twitter_card":"summary_large_image","twitter_misc":{"Predpokladan\u00fd \u010das \u010d\u00edtania":"1 min\u00fata"},"schema":{"@context":"https:\/\/schema.org","@graph":[{"@type":"WebPage","@id":"https:\/\/drevo-liptov.sk\/?page_id=257","url":"https:\/\/drevo-liptov.sk\/?page_id=257","name":"Cenn\u00edky - DREVO-LIPTOV, s. r. o. stol\u00e1rske a stavebn\u00e9 rezivo,KVH hranoly,\u0160k\u00e1rovky,Brikety","isPartOf":{"@id":"https:\/\/drevo-liptov.sk\/#website"},"datePublished":"2024-10-12T19:33:53+00:00","dateModified":"2026-05-14T13:38:13+00:00","description":"DREVO-LIPTOV, s. r. o. Cenn\u00edky Stol\u00e1rske rezivo,KVH hranoly,Omietan\u00e9 nehoblovan\u00e9 a hoblovan\u00e9 rezivo,\u0160k\u00e1rovky,Palivov\u00e9 drevo,Brikety, Pelety","breadcrumb":{"@id":"https:\/\/drevo-liptov.sk\/?page_id=257#breadcrumb"},"inLanguage":"sk-SK","potentialAction":[{"@type":"ReadAction","target":["https:\/\/drevo-liptov.sk\/?page_id=257"]}]},{"@type":"BreadcrumbList","@id":"https:\/\/drevo-liptov.sk\/?page_id=257#breadcrumb","itemListElement":[{"@type":"ListItem","position":1,"name":"Home","item":"https:\/\/drevo-liptov.sk\/"},{"@type":"ListItem","position":2,"name":"Cenn\u00edky"}]},{"@type":"WebSite","@id":"https:\/\/drevo-liptov.sk\/#website","url":"https:\/\/drevo-liptov.sk\/","name":"DREVO-LIPTOV","description":"Stol\u00e1rske rezivo a lepen\u00e9 hranoly od n\u00e1s pre V\u00e1s za najlep\u0161ie ceny","publisher":{"@id":"https:\/\/drevo-liptov.sk\/#organization"},"potentialAction":[{"@type":"SearchAction","target":{"@type":"EntryPoint","urlTemplate":"https:\/\/drevo-liptov.sk\/?s={search_term_string}"},"query-input":{"@type":"PropertyValueSpecification","valueRequired":true,"valueName":"search_term_string"}}],"inLanguage":"sk-SK"},{"@type":"Organization","@id":"https:\/\/drevo-liptov.sk\/#organization","name":"DREVO-LIPTOV, s. r. o.","url":"https:\/\/drevo-liptov.sk\/","logo":{"@type":"ImageObject","inLanguage":"sk-SK","@id":"https:\/\/drevo-liptov.sk\/#\/schema\/logo\/image\/","url":"https:\/\/drevo-liptov.sk\/wp-content\/uploads\/2021\/03\/cropped-logofinal2-1.jpg","contentUrl":"https:\/\/drevo-liptov.sk\/wp-content\/uploads\/2021\/03\/cropped-logofinal2-1.jpg","width":419,"height":250,"caption":"DREVO-LIPTOV, s. r. o."},"image":{"@id":"https:\/\/drevo-liptov.sk\/#\/schema\/logo\/image\/"}}]}},"_links":{"self":[{"href":"https:\/\/drevo-liptov.sk\/index.php?rest_route=\/wp\/v2\/pages\/257","targetHints":{"allow":["GET"]}}],"collection":[{"href":"https:\/\/drevo-liptov.sk\/index.php?rest_route=\/wp\/v2\/pages"}],"about":[{"href":"https:\/\/drevo-liptov.sk\/index.php?rest_route=\/wp\/v2\/types\/page"}],"author":[{"embeddable":true,"href":"https:\/\/drevo-liptov.sk\/index.php?rest_route=\/wp\/v2\/users\/1"}],"replies":[{"embeddable":true,"href":"https:\/\/drevo-liptov.sk\/index.php?rest_route=%2Fwp%2Fv2%2Fcomments&post=257"}],"version-history":[{"count":6,"href":"https:\/\/drevo-liptov.sk\/index.php?rest_route=\/wp\/v2\/pages\/257\/revisions"}],"predecessor-version":[{"id":382,"href":"https:\/\/drevo-liptov.sk\/index.php?rest_route=\/wp\/v2\/pages\/257\/revisions\/382"}],"wp:attachment":[{"href":"https:\/\/drevo-liptov.sk\/index.php?rest_route=%2Fwp%2Fv2%2Fmedia&parent=257"}],"curies":[{"name":"wp","href":"https:\/\/api.w.org\/{rel}","templated":true}]}}