{"id":153,"date":"2021-02-19T20:29:31","date_gmt":"2021-02-19T19:29:31","guid":{"rendered":"http:\/\/d.r1.wbsprt.com\/drevo-liptov.sk\/?page_id=153"},"modified":"2024-10-12T22:25:38","modified_gmt":"2024-10-12T20:25:38","slug":"stolarske-a-stavebne-rezivokvh-a-bsh-hranolyomietane-nehoblovane-a-hoblovane-rezivo-palivove-drevo-brikety-pelety","status":"publish","type":"page","link":"https:\/\/drevo-liptov.sk\/","title":{"rendered":"Domov"},"content":{"rendered":"\n<p class=\"has-medium-font-size\"><strong>V\u00edtame V\u00e1s na na\u0161ich str\u00e1nkach.<\/strong><\/p>\n\n\n\n<p class=\"has-text-align-left\">Sme spolo\u010dnos\u0165 ktor\u00e1 p\u00f4sob\u00ed v Liptovskom Mikul\u00e1\u0161i v are\u00e1li spolo\u010dnosti PO\u013dNON\u00c1KUP LIPTOV a.s. od roku 2020. Venujeme sa predaju such\u00e9ho stol\u00e1rskeho reziva, lepen\u00fdch KVH a BSH hranolov, \u0161irok\u00e9ho sortimentu omietan\u00e9ho nehoblovan\u00e9ho a hoblovan\u00e9ho su\u0161en\u00e9ho reziva, interi\u00e9rov\u00fdch a exteri\u00e9rov\u00fdch dreven\u00fdch obkladov, podl\u00e1h a \u0161k\u00e1rovky. V na\u0161ej ponuke n\u00e1jdete aj \u0161tiepan\u00e9 palivov\u00e9 drevo, dreven\u00e9 brikety a pelety. <\/p>\n\n\n\n<p>Neust\u00e1le sa sna\u017e\u00edme roz\u0161irova\u0165 na\u0161e slu\u017eby a preto sme roz\u0161\u00edrili na\u0161u ponuku o mo\u017enos\u0165 dovozu reziva a\u017e k V\u00e1m domov.<\/p>\n\n\n\n<figure class=\"wp-block-image size-large\"><img loading=\"lazy\" decoding=\"async\" width=\"1024\" height=\"498\" src=\"http:\/\/d.r1.wbsprt.com\/drevo-liptov.sk\/wp-content\/uploads\/2021\/09\/20210426_104839-1024x498.jpg\" alt=\"\" class=\"wp-image-246\" srcset=\"https:\/\/drevo-liptov.sk\/wp-content\/uploads\/2021\/09\/20210426_104839-1024x498.jpg 1024w, https:\/\/drevo-liptov.sk\/wp-content\/uploads\/2021\/09\/20210426_104839-300x146.jpg 300w, https:\/\/drevo-liptov.sk\/wp-content\/uploads\/2021\/09\/20210426_104839-768x373.jpg 768w, https:\/\/drevo-liptov.sk\/wp-content\/uploads\/2021\/09\/20210426_104839-1536x747.jpg 1536w, https:\/\/drevo-liptov.sk\/wp-content\/uploads\/2021\/09\/20210426_104839-2048x996.jpg 2048w\" sizes=\"auto, (max-width: 767px) 89vw, (max-width: 1000px) 54vw, (max-width: 1071px) 543px, 580px\" \/><\/figure>\n\n\n\n<p><\/p>\n","protected":false},"excerpt":{"rendered":"<p>V\u00edtame V\u00e1s na na\u0161ich str\u00e1nkach. Sme spolo\u010dnos\u0165 ktor\u00e1 p\u00f4sob\u00ed v Liptovskom Mikul\u00e1\u0161i v are\u00e1li spolo\u010dnosti PO\u013dNON\u00c1KUP LIPTOV a.s. od roku 2020. Venujeme sa predaju such\u00e9ho stol\u00e1rskeho reziva, lepen\u00fdch KVH a BSH hranolov, \u0161irok\u00e9ho sortimentu omietan\u00e9ho nehoblovan\u00e9ho a hoblovan\u00e9ho su\u0161en\u00e9ho reziva, interi\u00e9rov\u00fdch a exteri\u00e9rov\u00fdch dreven\u00fdch obkladov, podl\u00e1h a \u0161k\u00e1rovky. V na\u0161ej ponuke n\u00e1jdete aj \u0161tiepan\u00e9 palivov\u00e9 &hellip; <\/p>\n<p class=\"link-more\"><a href=\"https:\/\/drevo-liptov.sk\/\" class=\"more-link\">Pokra\u010dova\u0165 v \u010d\u00edtan\u00ed<span class=\"screen-reader-text\"> &#8222;Domov&#8220;<\/span><\/a><\/p>\n","protected":false},"author":1,"featured_media":0,"parent":0,"menu_order":0,"comment_status":"closed","ping_status":"closed","template":"","meta":{"_mi_skip_tracking":false,"_monsterinsights_sitenote_active":false,"_monsterinsights_sitenote_note":"","_monsterinsights_sitenote_category":0,"footnotes":""},"class_list":["post-153","page","type-page","status-publish","hentry"],"yoast_head":"<!-- This site is optimized with the Yoast SEO plugin v27.4 - https:\/\/yoast.com\/product\/yoast-seo-wordpress\/ -->\n<title>DREVO-LIPTOV, s. r. o.,stol\u00e1rske a hoblovan\u00e9 rezivo,KVH hranoly, palivov\u00e9 drevo a brikety<\/title>\n<meta name=\"description\" content=\"DREVO-LIPTOV, s. r. o. stol\u00e1rske a stavebn\u00e9 rezivo,KVH a BSH hranoly,omietan\u00e9 nehoblovan\u00e9 a hoblovan\u00e9 rezivo, palivov\u00e9 drevo, brikety, pelety\" \/>\n<meta name=\"robots\" content=\"index, follow, max-snippet:-1, max-image-preview:large, max-video-preview:-1\" \/>\n<link rel=\"canonical\" href=\"https:\/\/drevo-liptov.sk\/\" \/>\n<meta property=\"og:locale\" content=\"sk_SK\" \/>\n<meta property=\"og:type\" content=\"article\" \/>\n<meta property=\"og:title\" content=\"DREVO-LIPTOV, s. r. o.,stol\u00e1rske a hoblovan\u00e9 rezivo,KVH hranoly, palivov\u00e9 drevo a brikety\" \/>\n<meta property=\"og:description\" content=\"DREVO-LIPTOV, s. r. o. stol\u00e1rske a stavebn\u00e9 rezivo,KVH a BSH hranoly,omietan\u00e9 nehoblovan\u00e9 a hoblovan\u00e9 rezivo, palivov\u00e9 drevo, brikety, pelety\" \/>\n<meta property=\"og:url\" content=\"https:\/\/drevo-liptov.sk\/\" \/>\n<meta property=\"og:site_name\" content=\"DREVO-LIPTOV, s. r. o.\" \/>\n<meta property=\"article:modified_time\" content=\"2024-10-12T20:25:38+00:00\" \/>\n<meta property=\"og:image\" content=\"http:\/\/d.r1.wbsprt.com\/drevo-liptov.sk\/wp-content\/uploads\/2021\/09\/20210426_104839-1024x498.jpg\" \/>\n<meta name=\"twitter:card\" content=\"summary_large_image\" \/>\n<meta name=\"twitter:label1\" content=\"Predpokladan\u00fd \u010das \u010d\u00edtania\" \/>\n\t<meta name=\"twitter:data1\" content=\"1 min\u00fata\" \/>\n<script type=\"application\/ld+json\" class=\"yoast-schema-graph\">{\"@context\":\"https:\\\/\\\/schema.org\",\"@graph\":[{\"@type\":[\"WebPage\",\"AboutPage\"],\"@id\":\"https:\\\/\\\/drevo-liptov.sk\\\/\",\"url\":\"https:\\\/\\\/drevo-liptov.sk\\\/\",\"name\":\"DREVO-LIPTOV, s. r. o.,stol\u00e1rske a hoblovan\u00e9 rezivo,KVH hranoly, palivov\u00e9 drevo a brikety\",\"isPartOf\":{\"@id\":\"https:\\\/\\\/drevo-liptov.sk\\\/#website\"},\"primaryImageOfPage\":{\"@id\":\"https:\\\/\\\/drevo-liptov.sk\\\/#primaryimage\"},\"image\":{\"@id\":\"https:\\\/\\\/drevo-liptov.sk\\\/#primaryimage\"},\"thumbnailUrl\":\"http:\\\/\\\/d.r1.wbsprt.com\\\/drevo-liptov.sk\\\/wp-content\\\/uploads\\\/2021\\\/09\\\/20210426_104839-1024x498.jpg\",\"datePublished\":\"2021-02-19T19:29:31+00:00\",\"dateModified\":\"2024-10-12T20:25:38+00:00\",\"description\":\"DREVO-LIPTOV, s. r. o. stol\u00e1rske a stavebn\u00e9 rezivo,KVH a BSH hranoly,omietan\u00e9 nehoblovan\u00e9 a hoblovan\u00e9 rezivo, palivov\u00e9 drevo, brikety, pelety\",\"breadcrumb\":{\"@id\":\"https:\\\/\\\/drevo-liptov.sk\\\/#breadcrumb\"},\"inLanguage\":\"sk-SK\",\"potentialAction\":[{\"@type\":\"ReadAction\",\"target\":[\"https:\\\/\\\/drevo-liptov.sk\\\/\"]}]},{\"@type\":\"ImageObject\",\"inLanguage\":\"sk-SK\",\"@id\":\"https:\\\/\\\/drevo-liptov.sk\\\/#primaryimage\",\"url\":\"http:\\\/\\\/d.r1.wbsprt.com\\\/drevo-liptov.sk\\\/wp-content\\\/uploads\\\/2021\\\/09\\\/20210426_104839-1024x498.jpg\",\"contentUrl\":\"http:\\\/\\\/d.r1.wbsprt.com\\\/drevo-liptov.sk\\\/wp-content\\\/uploads\\\/2021\\\/09\\\/20210426_104839-1024x498.jpg\"},{\"@type\":\"BreadcrumbList\",\"@id\":\"https:\\\/\\\/drevo-liptov.sk\\\/#breadcrumb\",\"itemListElement\":[{\"@type\":\"ListItem\",\"position\":1,\"name\":\"Home\",\"item\":\"https:\\\/\\\/drevo-liptov.sk\\\/\"},{\"@type\":\"ListItem\",\"position\":2,\"name\":\"Domov\"}]},{\"@type\":\"WebSite\",\"@id\":\"https:\\\/\\\/drevo-liptov.sk\\\/#website\",\"url\":\"https:\\\/\\\/drevo-liptov.sk\\\/\",\"name\":\"DREVO-LIPTOV\",\"description\":\"Stol\u00e1rske rezivo a lepen\u00e9 hranoly od n\u00e1s pre V\u00e1s za najlep\u0161ie ceny\",\"publisher\":{\"@id\":\"https:\\\/\\\/drevo-liptov.sk\\\/#organization\"},\"potentialAction\":[{\"@type\":\"SearchAction\",\"target\":{\"@type\":\"EntryPoint\",\"urlTemplate\":\"https:\\\/\\\/drevo-liptov.sk\\\/?s={search_term_string}\"},\"query-input\":{\"@type\":\"PropertyValueSpecification\",\"valueRequired\":true,\"valueName\":\"search_term_string\"}}],\"inLanguage\":\"sk-SK\"},{\"@type\":\"Organization\",\"@id\":\"https:\\\/\\\/drevo-liptov.sk\\\/#organization\",\"name\":\"DREVO-LIPTOV, s. r. o.\",\"url\":\"https:\\\/\\\/drevo-liptov.sk\\\/\",\"logo\":{\"@type\":\"ImageObject\",\"inLanguage\":\"sk-SK\",\"@id\":\"https:\\\/\\\/drevo-liptov.sk\\\/#\\\/schema\\\/logo\\\/image\\\/\",\"url\":\"https:\\\/\\\/drevo-liptov.sk\\\/wp-content\\\/uploads\\\/2021\\\/03\\\/cropped-logofinal2-1.jpg\",\"contentUrl\":\"https:\\\/\\\/drevo-liptov.sk\\\/wp-content\\\/uploads\\\/2021\\\/03\\\/cropped-logofinal2-1.jpg\",\"width\":419,\"height\":250,\"caption\":\"DREVO-LIPTOV, s. r. o.\"},\"image\":{\"@id\":\"https:\\\/\\\/drevo-liptov.sk\\\/#\\\/schema\\\/logo\\\/image\\\/\"}}]}<\/script>\n<!-- \/ Yoast SEO plugin. -->","yoast_head_json":{"title":"DREVO-LIPTOV, s. r. o.,stol\u00e1rske a hoblovan\u00e9 rezivo,KVH hranoly, palivov\u00e9 drevo a brikety","description":"DREVO-LIPTOV, s. r. o. stol\u00e1rske a stavebn\u00e9 rezivo,KVH a BSH hranoly,omietan\u00e9 nehoblovan\u00e9 a hoblovan\u00e9 rezivo, palivov\u00e9 drevo, brikety, pelety","robots":{"index":"index","follow":"follow","max-snippet":"max-snippet:-1","max-image-preview":"max-image-preview:large","max-video-preview":"max-video-preview:-1"},"canonical":"https:\/\/drevo-liptov.sk\/","og_locale":"sk_SK","og_type":"article","og_title":"DREVO-LIPTOV, s. r. o.,stol\u00e1rske a hoblovan\u00e9 rezivo,KVH hranoly, palivov\u00e9 drevo a brikety","og_description":"DREVO-LIPTOV, s. r. o. stol\u00e1rske a stavebn\u00e9 rezivo,KVH a BSH hranoly,omietan\u00e9 nehoblovan\u00e9 a hoblovan\u00e9 rezivo, palivov\u00e9 drevo, brikety, pelety","og_url":"https:\/\/drevo-liptov.sk\/","og_site_name":"DREVO-LIPTOV, s. r. o.","article_modified_time":"2024-10-12T20:25:38+00:00","og_image":[{"url":"http:\/\/d.r1.wbsprt.com\/drevo-liptov.sk\/wp-content\/uploads\/2021\/09\/20210426_104839-1024x498.jpg","type":"","width":"","height":""}],"twitter_card":"summary_large_image","twitter_misc":{"Predpokladan\u00fd \u010das \u010d\u00edtania":"1 min\u00fata"},"schema":{"@context":"https:\/\/schema.org","@graph":[{"@type":["WebPage","AboutPage"],"@id":"https:\/\/drevo-liptov.sk\/","url":"https:\/\/drevo-liptov.sk\/","name":"DREVO-LIPTOV, s. r. o.,stol\u00e1rske a hoblovan\u00e9 rezivo,KVH hranoly, palivov\u00e9 drevo a brikety","isPartOf":{"@id":"https:\/\/drevo-liptov.sk\/#website"},"primaryImageOfPage":{"@id":"https:\/\/drevo-liptov.sk\/#primaryimage"},"image":{"@id":"https:\/\/drevo-liptov.sk\/#primaryimage"},"thumbnailUrl":"http:\/\/d.r1.wbsprt.com\/drevo-liptov.sk\/wp-content\/uploads\/2021\/09\/20210426_104839-1024x498.jpg","datePublished":"2021-02-19T19:29:31+00:00","dateModified":"2024-10-12T20:25:38+00:00","description":"DREVO-LIPTOV, s. r. o. stol\u00e1rske a stavebn\u00e9 rezivo,KVH a BSH hranoly,omietan\u00e9 nehoblovan\u00e9 a hoblovan\u00e9 rezivo, palivov\u00e9 drevo, brikety, pelety","breadcrumb":{"@id":"https:\/\/drevo-liptov.sk\/#breadcrumb"},"inLanguage":"sk-SK","potentialAction":[{"@type":"ReadAction","target":["https:\/\/drevo-liptov.sk\/"]}]},{"@type":"ImageObject","inLanguage":"sk-SK","@id":"https:\/\/drevo-liptov.sk\/#primaryimage","url":"http:\/\/d.r1.wbsprt.com\/drevo-liptov.sk\/wp-content\/uploads\/2021\/09\/20210426_104839-1024x498.jpg","contentUrl":"http:\/\/d.r1.wbsprt.com\/drevo-liptov.sk\/wp-content\/uploads\/2021\/09\/20210426_104839-1024x498.jpg"},{"@type":"BreadcrumbList","@id":"https:\/\/drevo-liptov.sk\/#breadcrumb","itemListElement":[{"@type":"ListItem","position":1,"name":"Home","item":"https:\/\/drevo-liptov.sk\/"},{"@type":"ListItem","position":2,"name":"Domov"}]},{"@type":"WebSite","@id":"https:\/\/drevo-liptov.sk\/#website","url":"https:\/\/drevo-liptov.sk\/","name":"DREVO-LIPTOV","description":"Stol\u00e1rske rezivo a lepen\u00e9 hranoly od n\u00e1s pre V\u00e1s za najlep\u0161ie ceny","publisher":{"@id":"https:\/\/drevo-liptov.sk\/#organization"},"potentialAction":[{"@type":"SearchAction","target":{"@type":"EntryPoint","urlTemplate":"https:\/\/drevo-liptov.sk\/?s={search_term_string}"},"query-input":{"@type":"PropertyValueSpecification","valueRequired":true,"valueName":"search_term_string"}}],"inLanguage":"sk-SK"},{"@type":"Organization","@id":"https:\/\/drevo-liptov.sk\/#organization","name":"DREVO-LIPTOV, s. r. o.","url":"https:\/\/drevo-liptov.sk\/","logo":{"@type":"ImageObject","inLanguage":"sk-SK","@id":"https:\/\/drevo-liptov.sk\/#\/schema\/logo\/image\/","url":"https:\/\/drevo-liptov.sk\/wp-content\/uploads\/2021\/03\/cropped-logofinal2-1.jpg","contentUrl":"https:\/\/drevo-liptov.sk\/wp-content\/uploads\/2021\/03\/cropped-logofinal2-1.jpg","width":419,"height":250,"caption":"DREVO-LIPTOV, s. r. o."},"image":{"@id":"https:\/\/drevo-liptov.sk\/#\/schema\/logo\/image\/"}}]}},"_links":{"self":[{"href":"https:\/\/drevo-liptov.sk\/index.php?rest_route=\/wp\/v2\/pages\/153","targetHints":{"allow":["GET"]}}],"collection":[{"href":"https:\/\/drevo-liptov.sk\/index.php?rest_route=\/wp\/v2\/pages"}],"about":[{"href":"https:\/\/drevo-liptov.sk\/index.php?rest_route=\/wp\/v2\/types\/page"}],"author":[{"embeddable":true,"href":"https:\/\/drevo-liptov.sk\/index.php?rest_route=\/wp\/v2\/users\/1"}],"replies":[{"embeddable":true,"href":"https:\/\/drevo-liptov.sk\/index.php?rest_route=%2Fwp%2Fv2%2Fcomments&post=153"}],"version-history":[{"count":7,"href":"https:\/\/drevo-liptov.sk\/index.php?rest_route=\/wp\/v2\/pages\/153\/revisions"}],"predecessor-version":[{"id":276,"href":"https:\/\/drevo-liptov.sk\/index.php?rest_route=\/wp\/v2\/pages\/153\/revisions\/276"}],"wp:attachment":[{"href":"https:\/\/drevo-liptov.sk\/index.php?rest_route=%2Fwp%2Fv2%2Fmedia&parent=153"}],"curies":[{"name":"wp","href":"https:\/\/api.w.org\/{rel}","templated":true}]}}